{"id":3,"date":"2023-05-23T22:51:29","date_gmt":"2023-05-23T20:51:29","guid":{"rendered":"https:\/\/branham.pl\/sklep\/?page_id=3"},"modified":"2023-05-28T22:24:15","modified_gmt":"2023-05-28T20:24:15","slug":"polityka-prywatnosci","status":"publish","type":"page","link":"https:\/\/branham.pl\/sklep\/polityka-prywatnosci\/","title":{"rendered":"Polityka prywatno\u015bci"},"content":{"rendered":"<table width=\"100%\">\n<tbody>\n<tr>\n<td>\n<p style=\"text-align: center;\"><strong><em>POLITYKA PRYWATNO\u015aCI I PLIK\u00d3W \u201eCOOKIES\u201d<\/em><\/strong><\/p>\n<p style=\"text-align: center;\"><strong><em>SKLEPU INTERNETOWEGO<\/em><\/strong><\/p>\n<p style=\"text-align: center;\"><strong>branham.pl\/sklep<\/strong><\/p>\n<\/td>\n<\/tr>\n<\/tbody>\n<\/table>\n<p>Niniejszy dokument reguluje Polityk\u0119 prywatno\u015bci i plik\u00f3w \u201ecookies\u201d sklepu internetowego prowadzonego w domenie branham.pl\/sklep (zwanym dalej Sklepem). PODKARPACKIE STOWARZYSZENIE CHRZE\u015aCIJA\u0143SKIE \u201e\u015aWIAT\u0141O\u201d (zwany dalej Sprzedawc\u0105) dochowuje wszelkiej nale\u017cytej staranno\u015bci w celu poszanowania prywatno\u015bci Klient\u00f3w Sklepu.<\/p>\n<p><strong>Administrator danych osobowych<\/strong><\/p>\n<p>Administratorem danych osobowych zawartych w sklepie internetowym branham.pl\/sklep jest PODKARPACKIE STOWARZYSZENIE CHRZE\u015aCIJA\u0143SKIE \u201e\u015aWIAT\u0141O\u201d, zarejestrowany w Krajowym Rejestrze S\u0105dowym pod numerami KRS 0000204382, NIP 6842365449 oraz REGON 371175568.<\/p>\n<p><strong>Dane osobowe<\/strong><\/p>\n<p>Klient\u00f3w korzystaj\u0105cych z us\u0142ug \u015bwiadczonych drog\u0105 elektroniczn\u0105 za po\u015brednictwem Sklepu prosimy o dobrowolne podanie danych osobowych. Administrator przetwarza pozyskane dane na podstawie art. 23 ust. 1 ustawy o ochronie danych osobowych. Dane zostaj\u0105 zebrane w szczeg\u00f3lno\u015bci w celu realizacji umowy oraz \u015bwiadczenia us\u0142ug na rzecz os\u00f3b kt\u00f3rych dotycz\u0105.<\/p>\n<p><em>&nbsp;<\/em><\/p>\n<p>Administrator przetwarza dane osobowe Klient\u00f3w sklepu internetowego branham.pl\/sklep w nast\u0119puj\u0105cych zbiorach:<\/p>\n<p><em>&nbsp;<\/em><\/p>\n<table>\n<tbody>\n<tr>\n<td width=\"212\"><strong>Nazwa zbioru<\/strong><\/td>\n<td width=\"220\"><strong>Zakres przetwarzanych danych<\/strong><\/td>\n<td width=\"220\"><strong>Cel przetwarzania<\/strong><\/td>\n<\/tr>\n<tr>\n<td width=\"212\">Zbi\u00f3r danych osobowych Klient\u00f3w<\/td>\n<td width=\"220\">\u00b7&nbsp;&nbsp;&nbsp;&nbsp;&nbsp;&nbsp; imi\u0119 i nazwisko<\/p>\n<p>\u00b7&nbsp;&nbsp;&nbsp;&nbsp;&nbsp;&nbsp; firma przedsi\u0119biorcy<\/p>\n<p>\u00b7&nbsp;&nbsp;&nbsp;&nbsp;&nbsp;&nbsp; adres zamieszkania<\/p>\n<p>\u00b7&nbsp;&nbsp;&nbsp;&nbsp;&nbsp;&nbsp; adres siedziby<\/p>\n<p>\u00b7&nbsp;&nbsp;&nbsp;&nbsp;&nbsp;&nbsp; adres dostawy<\/p>\n<p>\u00b7&nbsp;&nbsp;&nbsp;&nbsp;&nbsp;&nbsp; numer telefonu<\/p>\n<p>\u00b7&nbsp;&nbsp;&nbsp;&nbsp;&nbsp;&nbsp; adres e-mail<\/p>\n<p>\u00b7&nbsp;&nbsp;&nbsp;&nbsp;&nbsp;&nbsp; numer zam\u00f3wienia<\/td>\n<td width=\"220\">Realizacja umowy zawartej z Klientem.<\/td>\n<\/tr>\n<tr>\n<td width=\"212\">Zbi\u00f3r danych osobowych Klient\u00f3w, kt\u00f3rzy z\u0142o\u017cyli reklamacje<\/td>\n<td width=\"220\">\u00b7&nbsp;&nbsp;&nbsp;&nbsp;&nbsp;&nbsp; imi\u0119 i nazwisko<\/p>\n<p>\u00b7&nbsp;&nbsp;&nbsp;&nbsp;&nbsp;&nbsp; firma przedsi\u0119biorcy<\/p>\n<p>\u00b7&nbsp;&nbsp;&nbsp;&nbsp;&nbsp;&nbsp; adres zamieszkania<\/p>\n<p>\u00b7&nbsp;&nbsp;&nbsp;&nbsp;&nbsp;&nbsp; adres siedziby<\/p>\n<p>\u00b7&nbsp;&nbsp;&nbsp;&nbsp;&nbsp;&nbsp; adres dostawy<\/p>\n<p>\u00b7&nbsp;&nbsp;&nbsp;&nbsp;&nbsp;&nbsp; numer telefonu<\/p>\n<p>\u00b7&nbsp;&nbsp;&nbsp;&nbsp;&nbsp;&nbsp; adres e-mail<\/p>\n<p>\u00b7&nbsp;&nbsp;&nbsp;&nbsp;&nbsp;&nbsp; numer zam\u00f3wienia<\/p>\n<p>\u00b7&nbsp;&nbsp;&nbsp;&nbsp;&nbsp;&nbsp; numer reklamacji<\/td>\n<td width=\"220\">Prowadzenie post\u0119powa\u0144 zwi\u0105zanych z reklamacj\u0105.<\/td>\n<\/tr>\n<tr>\n<td width=\"212\">Zbi\u00f3r danych os\u00f3b korzystaj\u0105cych z formularzy kontaktowych<\/td>\n<td width=\"220\">\u00b7&nbsp;&nbsp;&nbsp;&nbsp;&nbsp;&nbsp; imi\u0119 i nazwisko<\/p>\n<p>\u00b7&nbsp;&nbsp;&nbsp;&nbsp;&nbsp;&nbsp; adres e-mail<\/p>\n<p>\u00b7&nbsp;&nbsp;&nbsp;&nbsp;&nbsp;&nbsp; numer telefonu<\/td>\n<td width=\"220\">Umo\u017cliwienie kontaktu ze Sprzedawc\u0105 osobom, kt\u00f3re zainteresowane s\u0105 oferowanymi produktami lub us\u0142ugami.<\/td>\n<\/tr>\n<tr>\n<td width=\"212\">Zbi\u00f3r danych os\u00f3b, kt\u00f3re wyrazi\u0142y zgod\u0119 na otrzymywanie informacji handlowych<\/td>\n<td width=\"220\">\u00b7&nbsp;&nbsp;&nbsp;&nbsp;&nbsp;&nbsp; imi\u0119 i nazwisko<\/p>\n<p>\u00b7&nbsp;&nbsp;&nbsp;&nbsp;&nbsp;&nbsp; adres e-mail<\/p>\n<p>\u00b7&nbsp;&nbsp;&nbsp;&nbsp;&nbsp;&nbsp; numer telefonu<\/td>\n<td width=\"220\">Przes\u0142anie przez Sprzedawc\u0119 informacji handlowych.<\/td>\n<\/tr>\n<tr>\n<td width=\"212\">NAZWA ZBIORU<\/td>\n<td width=\"220\">ZAKRES<\/td>\n<td width=\"220\">CEL<\/td>\n<\/tr>\n<\/tbody>\n<\/table>\n<p>Sprzedawca nie udost\u0119pnia zebranych danych podmiotom trzecim.<\/p>\n<p>Zgoda na przetwarzanie danych osobowych w celach marketingowych mo\u017ce by\u0107 cofni\u0119ta w ka\u017cdej chwili.<\/p>\n<p>Administrator danych osobowych dochowuje szczeg\u00f3lnej i nale\u017cytej staranno\u015bci w celu ochrony praw Klient\u00f3w, kt\u00f3rych dane podlegaj\u0105 przetwarzaniu, a w szczeg\u00f3lno\u015bci zapewnia, aby dane te by\u0142y:<\/p>\n<ul>\n<li>przetwarzane zgodnie z prawem,<\/li>\n<li>zbierane dla oznaczonych w niniejszym dokumencie i zgodnych z prawem cel\u00f3w,<\/li>\n<li>nie poddawane dalszemu przetwarzaniu niezgodnemu z powy\u017cszymi celami,<\/li>\n<li>merytorycznie poprawne i adekwatne w stosunku do cel\u00f3w, w jakich s\u0105 przetwarzane,<\/li>\n<li>odpowiednio zabezpieczone,<\/li>\n<li>przechowywane w postaci umo\u017cliwiaj\u0105cej identyfikacj\u0119 os\u00f3b, kt\u00f3rych dotycz\u0105, nie d\u0142u\u017cej ni\u017c jest to niezb\u0119dne do osi\u0105gni\u0119cia celu przetwarzania.<\/li>\n<\/ul>\n<p>Administrator danych osobowych zastrzega, i\u017c zgodnie z przepisami ustawy o ochronie danych osobowych, mo\u017ce powierzy\u0107 przetwarzanie danych osobowych Klient\u00f3w, kt\u00f3rych danymi administruje, innym firmom w celu prawid\u0142owego wykonania przez te firmy czynno\u015bci zwi\u0105zanych z dostarczeniem produkt\u00f3w, hostingiem, administracj\u0105, utrzymywaniem oraz zarz\u0105dzaniem Sklepem, a tak\u017ce z dochodzeniem roszcze\u0144 oraz wyja\u015bnieniem okoliczno\u015bci niedozwolonego korzystania z us\u0142ug \u015bwiadczonych drog\u0105 elektroniczn\u0105.<\/p>\n<p><strong>Uprawnienia Klienta<\/strong><\/p>\n<p>Klientom przys\u0142uguje prawo kontroli przetwarzania danych, kt\u00f3re ich dotycz\u0105, zawartych w zbiorach danych Sprzedawcy. Jest to zw\u0142aszcza prawo do dost\u0119pu do tre\u015bci swoich danych oraz ich poprawiania, a tak\u017ce \u017c\u0105dania uzupe\u0142nienia, uaktualnienia, sprostowania danych osobowych, czasowego lub sta\u0142ego wstrzymania ich przetwarzania lub ich usuni\u0119cia, je\u017celi s\u0105 one niekompletne, nieaktualne, nieprawdziwe lub zosta\u0142y zebrane z naruszeniem ustawy albo s\u0105 ju\u017c zb\u0119dne do realizacji celu, dla kt\u00f3rego zosta\u0142y zebrane.<\/p>\n<p>Klientowi przys\u0142uguje prawo zako\u0144czenia w ka\u017cdej chwili korzystania z us\u0142ugi \u015bwiadczonej drog\u0105 elektroniczn\u0105. &nbsp;Klienci mog\u0105 r\u00f3wnie\u017c skontaktowa\u0107 si\u0119 ze Sprzedawc\u0105 w celu wykonania przys\u0142uguj\u0105cego im prawa dost\u0119pu, modyfikacji i usuni\u0119cia danych b\u0105d\u017a w celu sprzeciwienia si\u0119 ich przetwarzaniu, za po\u015brednictwem Danych Kontaktowych Sprzedawcy udost\u0119pnionych na stronie internetowej, w szczeg\u00f3lno\u015bci poprzez wys\u0142anie wiadomo\u015bci na adres poczty elektronicznej: wolapiotrowa@wp.pl<\/p>\n<p><strong>Dzienniki systemowe<\/strong><\/p>\n<p>To wewn\u0119trzne dzienniki zdarze\u0144 serwera Sklepu, automatycznie zapisuj\u0105ce \u017c\u0105dania stron wysy\u0142ane, gdy Klienci odwiedzaj\u0105 jego witryny. Dzienniki systemowe zawieraj\u0105 \u017c\u0105danie strony wys\u0142ane przez Klienta, adres IP, typ przegl\u0105darki, j\u0119zyk przegl\u0105darki, dat\u0119 i godzin\u0119 \u017c\u0105dania oraz co najmniej jeden plik \u201ecookie\u201d, kt\u00f3ry mo\u017ce jednoznacznie identyfikowa\u0107 przegl\u0105dark\u0119 Klienta.<\/p>\n<p><strong>&nbsp;<\/strong><\/p>\n<p><strong>Pliki \u201ecookies\u201d<\/strong><\/p>\n<p>To niewielkie pliki zawieraj\u0105ce ci\u0105g znak\u00f3w, kt\u00f3re s\u0105 wysy\u0142ane i zapisywane na urz\u0105dzeniu ko\u0144cowym (np. komputerze, laptopie, tablecie, smartfonie) u\u017cywanym przez Klienta podczas odwiedzania przez niego Sklepu. Informacje te przesy\u0142ane s\u0105 do schowka u\u017cywanej przegl\u0105darki, kt\u00f3ra wysy\u0142a je z powrotem przy nast\u0119pnych wej\u015bciach na stron\u0119 internetow\u0105. Pliki \u201ecookies\u201d zawieraj\u0105 informacje niezb\u0119dne do prawid\u0142owego korzystania ze Sklepu internetowego branham.pl\/sklep. Najcz\u0119\u015bciej zawieraj\u0105 one nazw\u0119 strony internetowej z kt\u00f3rej pochodz\u0105, czas przechowywania ich na urz\u0105dzeniu ko\u0144cowym oraz unikalny numer.<\/p>\n<p>Pliki te pozwalaj\u0105 na rozpoznanie urz\u0105dzenia Klienta i wy\u015bwietlenie strony internetowej Sklepu dostosowanej do jego indywidualnych oczekiwa\u0144, przez co korzystanie ze stron staje si\u0119 \u0142atwiejsze i przyjemniejsze. Dzi\u0119ki zapisaniu tych plik\u00f3w na urz\u0105dzeniu Klienta mo\u017cliwe jest m. in. zapami\u0119tanie danych logowania, utrzymywanie sesji po zalogowaniu czy dostosowanie strony do preferencji Klienta, takich jak np. rozmieszczenie tre\u015bci, j\u0119zyk czy jej kolor.<\/p>\n<p><strong>&nbsp;<\/strong><\/p>\n<p><strong>Jakie pliki \u201ecookies\u201d s\u0105 wykorzystywane?<\/strong><\/p>\n<p>Na stronie internetowej branham.pl\/sklep u\u017cywane s\u0105 g\u0142\u00f3wnie trzy kategorie plik\u00f3w \u201ecookies\u201d:<\/p>\n<ul>\n<li>Pliki niezb\u0119dne \u2013 pliki te umo\u017cliwiaj\u0105 prawid\u0142owe dzia\u0142anie Sklepu oraz funkcjonalno\u015bci, z kt\u00f3rych Klient chce skorzysta\u0107, np. uwierzytelniaj\u0105ce pliki cookies. Bez ich zapisania na urz\u0105dzeniu Klienta korzystanie ze Sklepu jest niemo\u017cliwe.<\/li>\n<li>Pliki funkcjonalne \u2013 pliki umo\u017cliwiaj\u0105ce zapami\u0119tanie wybranych przez Klienta ustawie\u0144 i dostosowanie ich do jego potrzeb, np. w zakresie wybranego j\u0119zyka, rozmiaru czcionki, wygl\u0105du strony internetowej. Pozwalaj\u0105 one Sprzedawcy na popraw\u0119 funkcjonalno\u015bci i wydajno\u015bci strony.<\/li>\n<li>Pliki biznesowe \u2013 do tej kategorii nale\u017c\u0105 np. cookies reklamowe. Umo\u017cliwiaj\u0105 one realizacj\u0119 modelu biznesowego. Ich zablokowanie mo\u017ce obni\u017cy\u0107 poziom \u015bwiadczenia us\u0142ug ze wzgl\u0119du na brak mo\u017cliwo\u015bci realizacji przez Sprzedawc\u0119 przychod\u00f3w subsydiuj\u0105cych dzia\u0142anie Sklepu, jednak nie spowoduje niedost\u0119pno\u015bci ca\u0142o\u015bci funkcjonalno\u015bci strony.<\/li>\n<\/ul>\n<p><em>&nbsp;<\/em><em>&nbsp;<\/em><\/p>\n<p><strong>Zarz\u0105dzanie plikami \u201ecookies\u201d<\/strong><\/p>\n<p>Najcz\u0119\u015bciej ustawienia przegl\u0105darki domy\u015blnie dopuszczaj\u0105 umieszczanie plik\u00f3w \u201ecookies\u201d na urz\u0105dzeniu ko\u0144cowym. Je\u017celi Klient nie zgadza si\u0119 na zapisywanie tych plik\u00f3w, konieczna jest odpowiednia zmiana ustawie\u0144 przegl\u0105darki internetowej. Mo\u017cliwe jest wy\u0142\u0105czenie zapisywania plik\u00f3w \u201ecookies\u201d dla wszystkich po\u0142\u0105cze\u0144 z danej przegl\u0105darki lub dla konkretnej witryny, a tak\u017ce ich usuwanie. Spos\u00f3b zarz\u0105dzania plikami \u201ecookies\u201d zale\u017cy od u\u017cywanego oprogramowania, dlatego szczeg\u00f3\u0142owe informacje o mo\u017cliwo\u015bci i sposobach ich obs\u0142ugi Klient znajdzie w ustawieniach swojej przegl\u0105darki internetowej, z kt\u00f3rej korzysta w celu po\u0142\u0105czenia ze stron\u0105 Sklepu.<\/p>\n<p>Zgoda na przetwarzanie plik\u00f3w \u201ecookies\u201d jest dobrowolna. Nale\u017cy jednak pami\u0119ta\u0107, \u017ce ograniczenia w ich stosowaniu mog\u0105 utrudni\u0107 lub uniemo\u017cliwi\u0107 korzystanie z us\u0142ug oferowanych na stronie internetowej Sklepu.<\/p>\n<p><strong>Gromadzenie danych<\/strong><\/p>\n<p>Dane gromadzone w dziennikach systemowych s\u0105 wykorzystywane przez Sprzedawc\u0119 przez czas nieokre\u015blony wy\u0142\u0105cznie w celu administrowania Sklepem. Nie s\u0105 one przekazywane na rzecz podmiot\u00f3w trzecich, z wy\u0142\u0105czeniem okoliczno\u015bci opisanych w niniejszym dokumencie.<\/p>\n<p>W zwi\u0105zku z korzystaniem ze Sklepu przez Klient\u00f3w, w spos\u00f3b automatyczny mo\u017cemy zbiera\u0107 i zapisywa\u0107 w dziennikach serwer\u00f3w szczeg\u00f3\u0142y techniczne dotycz\u0105ce sposobu korzystania z us\u0142ug, przes\u0142ane przez Klienta \u017c\u0105dania zwi\u0105zane ze \u015bwiadczeniem us\u0142ug drog\u0105 elektroniczn\u0105, adres IP oraz dane techniczne o dzia\u0142aniu Sklepu w zwi\u0105zku z czynno\u015bciami dokonywanymi przez Klienta, w szczeg\u00f3lno\u015bci informacje o rozpocz\u0119ciu, zako\u0144czeniu oraz zakresie ka\u017cdorazowego korzystania z us\u0142ugi \u015bwiadczonej drog\u0105 elektroniczn\u0105. Mo\u017cemy r\u00f3wnie\u017c zbiera\u0107 informacje, celem przechowywania ich lokalnie na urz\u0105dzeniu Klienta, korzystaj\u0105c z mechanizmu pami\u0119ci przegl\u0105darki.<\/p>\n<p>W trakcie \u015bwiadczenia us\u0142ug na rzecz Klient\u00f3w, stosujemy profesjonalne technologie do gromadzenia i zapisywania informacji, takie jak pliki \u201ecookie\u201d. Dost\u0119p do danych \u201ecookie\u201d mo\u017ce posiada\u0107 r\u00f3wnie\u017c firma Google za po\u015brednictwem narz\u0119dzi Google Analytics oraz Google Adwords, w celu sporz\u0105dzenia statystyk ruchu oraz skuteczno\u015bci kampanii promocyjnych realizowanych przez Sprzedawc\u0119 za pomoc\u0105 wy\u017cej wymienionych narz\u0119dzi.<\/p>\n<p>Sprzedawca mo\u017ce udost\u0119pni\u0107 dane osobowe Nabywcy firmie kurierskiej lub pocztowej w celu umo\u017cliwienia odbioru oraz dostawy produktu.<\/p>\n<p>Sprzedawca przeka\u017ce firmie kurierskiej lub pocztowej nast\u0119puj\u0105ce dane Nabywcy: imi\u0119 i nazwisko lub nazw\u0119 firmy, adres korespondencyjny, numer telefonu. W przypadku podejrzenia z\u0142amania prawa, dane osobowe b\u0119d\u0105 udost\u0119pnione odpowiednim organom pa\u0144stwowym, a w sytuacji kontroli tak\u017ce upowa\u017cnionym pracownikom Generalnego Inspektoratu Ochrony Danych Osobowych.<\/p>\n<p>Dane zgromadzone w Sklepie przechowywane s\u0105 na zewn\u0119trznych bezpiecznych i profesjonalnych serwerach, na podstawie um\u00f3w zawartych przez Sprzedawc\u0119. Sprzedawca dochowuje nale\u017cytych \u015brodk\u00f3w ostro\u017cno\u015bci, celem zabezpieczenia danych osobowych Klient\u00f3w przed dost\u0119pem os\u00f3b nieuprawnionych, zniszczeniem, ujawnieniem oraz bezprawnym wykorzystaniem. Do przetwarzania danych Klient\u00f3w Sklepu uprawnieni s\u0105 wy\u0142\u0105cznie sami Klienci, Sprzedawca.<\/p>\n<p><strong>Inne<\/strong><\/p>\n<p>Sklep mo\u017ce zawiera\u0107 odno\u015bniki do innych stron internetowych. Nie ponosimy odpowiedzialno\u015bci za obowi\u0105zuj\u0105ce na tych stronach zasady przestrzegania polityki prywatno\u015bci. Zalecamy zapoznania si\u0119 z polityk\u0105 prywatno\u015bci tych stron po wej\u015bciu na nie.<\/p>\n<p>Sprzedawca zastrzega prawo do zmiany Polityki prywatno\u015bci i plik\u00f3w \u201ecookies\u201d.<\/p>\n<p><em>Niniejszy dokument stanowi za\u0142\u0105cznik do Regulaminu \u015bwiadczenia us\u0142ug drog\u0105 elektroniczn\u0105 przez branham.pl\/sklep<\/em><\/p>\n<p style=\"text-align: center;\"><a href=\"https:\/\/branham.pl\/sklep\/wp-content\/uploads\/2023\/05\/polityki-prywatnosci-i-plikow-cookies-sklepu-ibranham.plsklep.pdf\" data-wplink-edit=\"true\">POBIERZ POLITYK\u0118 PRYWATNO\u015aCI<\/a><\/p>\n","protected":false},"excerpt":{"rendered":"<p>POLITYKA PRYWATNO\u015aCI I PLIK\u00d3W \u201eCOOKIES\u201d SKLEPU INTERNETOWEGO branham.pl\/sklep Niniejszy dokument reguluje Polityk\u0119 prywatno\u015bci i plik\u00f3w \u201ecookies\u201d sklepu internetowego prowadzonego w domenie branham.pl\/sklep (zwanym dalej Sklepem). PODKARPACKIE STOWARZYSZENIE CHRZE\u015aCIJA\u0143SKIE \u201e\u015aWIAT\u0141O\u201d (zwany dalej Sprzedawc\u0105) dochowuje wszelkiej nale\u017cytej staranno\u015bci w celu poszanowania prywatno\u015bci Klient\u00f3w Sklepu. Administrator danych osobowych Administratorem danych osobowych zawartych w sklepie internetowym branham.pl\/sklep jest PODKARPACKIE<a class=\"more-link\" href=\"https:\/\/branham.pl\/sklep\/polityka-prywatnosci\/\">Czytaj wi\u0119cej &#10230;<\/a><\/p>\n","protected":false},"author":1,"featured_media":0,"parent":0,"menu_order":0,"comment_status":"closed","ping_status":"open","template":"","meta":{"footnotes":""},"class_list":["post-3","page","type-page","status-publish","hentry"],"yoast_head":"<!-- This site is optimized with the Yoast SEO plugin v23.9 - https:\/\/yoast.com\/wordpress\/plugins\/seo\/ -->\n<title>Polityka prywatno\u015bci - BEZP\u0141ATNE MATERIA\u0141Y<\/title>\n<meta name=\"robots\" content=\"index, follow, max-snippet:-1, max-image-preview:large, max-video-preview:-1\" \/>\n<link rel=\"canonical\" href=\"https:\/\/branham.pl\/sklep\/polityka-prywatnosci\/\" \/>\n<meta property=\"og:locale\" content=\"pl_PL\" \/>\n<meta property=\"og:type\" content=\"article\" \/>\n<meta property=\"og:title\" content=\"Polityka prywatno\u015bci - BEZP\u0141ATNE MATERIA\u0141Y\" \/>\n<meta property=\"og:description\" content=\"POLITYKA PRYWATNO\u015aCI I PLIK\u00d3W \u201eCOOKIES\u201d SKLEPU INTERNETOWEGO branham.pl\/sklep Niniejszy dokument reguluje Polityk\u0119 prywatno\u015bci i plik\u00f3w \u201ecookies\u201d sklepu internetowego prowadzonego w domenie branham.pl\/sklep (zwanym dalej Sklepem). PODKARPACKIE STOWARZYSZENIE CHRZE\u015aCIJA\u0143SKIE \u201e\u015aWIAT\u0141O\u201d (zwany dalej Sprzedawc\u0105) dochowuje wszelkiej nale\u017cytej staranno\u015bci w celu poszanowania prywatno\u015bci Klient\u00f3w Sklepu. Administrator danych osobowych Administratorem danych osobowych zawartych w sklepie internetowym branham.pl\/sklep jest PODKARPACKIECzytaj wi\u0119cej &#10230;\" \/>\n<meta property=\"og:url\" content=\"https:\/\/branham.pl\/sklep\/polityka-prywatnosci\/\" \/>\n<meta property=\"og:site_name\" content=\"BEZP\u0141ATNE MATERIA\u0141Y\" \/>\n<meta property=\"article:publisher\" content=\"https:\/\/www.facebook.com\/wolny.info\" \/>\n<meta property=\"article:modified_time\" content=\"2023-05-28T20:24:15+00:00\" \/>\n<meta name=\"twitter:card\" content=\"summary_large_image\" \/>\n<meta name=\"twitter:label1\" content=\"Szacowany czas czytania\" \/>\n\t<meta name=\"twitter:data1\" content=\"8 minut\" \/>\n<script type=\"application\/ld+json\" class=\"yoast-schema-graph\">{\"@context\":\"https:\/\/schema.org\",\"@graph\":[{\"@type\":\"WebPage\",\"@id\":\"https:\/\/branham.pl\/sklep\/polityka-prywatnosci\/\",\"url\":\"https:\/\/branham.pl\/sklep\/polityka-prywatnosci\/\",\"name\":\"Polityka prywatno\u015bci - BEZP\u0141ATNE MATERIA\u0141Y\",\"isPartOf\":{\"@id\":\"https:\/\/branham.pl\/sklep\/#website\"},\"datePublished\":\"2023-05-23T20:51:29+00:00\",\"dateModified\":\"2023-05-28T20:24:15+00:00\",\"breadcrumb\":{\"@id\":\"https:\/\/branham.pl\/sklep\/polityka-prywatnosci\/#breadcrumb\"},\"inLanguage\":\"pl-PL\",\"potentialAction\":[{\"@type\":\"ReadAction\",\"target\":[\"https:\/\/branham.pl\/sklep\/polityka-prywatnosci\/\"]}]},{\"@type\":\"BreadcrumbList\",\"@id\":\"https:\/\/branham.pl\/sklep\/polityka-prywatnosci\/#breadcrumb\",\"itemListElement\":[{\"@type\":\"ListItem\",\"position\":1,\"name\":\"Strona g\u0142\u00f3wna\",\"item\":\"https:\/\/branham.pl\/sklep\/\"},{\"@type\":\"ListItem\",\"position\":2,\"name\":\"Polityka prywatno\u015bci\"}]},{\"@type\":\"WebSite\",\"@id\":\"https:\/\/branham.pl\/sklep\/#website\",\"url\":\"https:\/\/branham.pl\/sklep\/\",\"name\":\"BEZP\u0141ATNE MATERIA\u0141Y\",\"description\":\"PLATFORMA DO SK\u0141ADANIA ZAM\u00d3WIE\u0143\",\"publisher\":{\"@id\":\"https:\/\/branham.pl\/sklep\/#organization\"},\"potentialAction\":[{\"@type\":\"SearchAction\",\"target\":{\"@type\":\"EntryPoint\",\"urlTemplate\":\"https:\/\/branham.pl\/sklep\/?s={search_term_string}\"},\"query-input\":{\"@type\":\"PropertyValueSpecification\",\"valueRequired\":true,\"valueName\":\"search_term_string\"}}],\"inLanguage\":\"pl-PL\"},{\"@type\":\"Organization\",\"@id\":\"https:\/\/branham.pl\/sklep\/#organization\",\"name\":\"Podkarpackie Stowarzyszenie Chrze\u015bcija\u0144skie \u201e\u015awiat\u0142o\u201d\",\"url\":\"https:\/\/branham.pl\/sklep\/\",\"logo\":{\"@type\":\"ImageObject\",\"inLanguage\":\"pl-PL\",\"@id\":\"https:\/\/branham.pl\/sklep\/#\/schema\/logo\/image\/\",\"url\":\"https:\/\/branham.pl\/sklep\/wp-content\/uploads\/2023\/05\/logo1.png\",\"contentUrl\":\"https:\/\/branham.pl\/sklep\/wp-content\/uploads\/2023\/05\/logo1.png\",\"width\":1654,\"height\":1654,\"caption\":\"Podkarpackie Stowarzyszenie Chrze\u015bcija\u0144skie \u201e\u015awiat\u0142o\u201d\"},\"image\":{\"@id\":\"https:\/\/branham.pl\/sklep\/#\/schema\/logo\/image\/\"},\"sameAs\":[\"https:\/\/www.facebook.com\/wolny.info\",\"https:\/\/www.youtube.com\/@poselstwo\"]}]}<\/script>\n<!-- \/ Yoast SEO plugin. -->","yoast_head_json":{"title":"Polityka prywatno\u015bci - BEZP\u0141ATNE MATERIA\u0141Y","robots":{"index":"index","follow":"follow","max-snippet":"max-snippet:-1","max-image-preview":"max-image-preview:large","max-video-preview":"max-video-preview:-1"},"canonical":"https:\/\/branham.pl\/sklep\/polityka-prywatnosci\/","og_locale":"pl_PL","og_type":"article","og_title":"Polityka prywatno\u015bci - BEZP\u0141ATNE MATERIA\u0141Y","og_description":"POLITYKA PRYWATNO\u015aCI I PLIK\u00d3W \u201eCOOKIES\u201d SKLEPU INTERNETOWEGO branham.pl\/sklep Niniejszy dokument reguluje Polityk\u0119 prywatno\u015bci i plik\u00f3w \u201ecookies\u201d sklepu internetowego prowadzonego w domenie branham.pl\/sklep (zwanym dalej Sklepem). PODKARPACKIE STOWARZYSZENIE CHRZE\u015aCIJA\u0143SKIE \u201e\u015aWIAT\u0141O\u201d (zwany dalej Sprzedawc\u0105) dochowuje wszelkiej nale\u017cytej staranno\u015bci w celu poszanowania prywatno\u015bci Klient\u00f3w Sklepu. Administrator danych osobowych Administratorem danych osobowych zawartych w sklepie internetowym branham.pl\/sklep jest PODKARPACKIECzytaj wi\u0119cej &#10230;","og_url":"https:\/\/branham.pl\/sklep\/polityka-prywatnosci\/","og_site_name":"BEZP\u0141ATNE MATERIA\u0141Y","article_publisher":"https:\/\/www.facebook.com\/wolny.info","article_modified_time":"2023-05-28T20:24:15+00:00","twitter_card":"summary_large_image","twitter_misc":{"Szacowany czas czytania":"8 minut"},"schema":{"@context":"https:\/\/schema.org","@graph":[{"@type":"WebPage","@id":"https:\/\/branham.pl\/sklep\/polityka-prywatnosci\/","url":"https:\/\/branham.pl\/sklep\/polityka-prywatnosci\/","name":"Polityka prywatno\u015bci - BEZP\u0141ATNE MATERIA\u0141Y","isPartOf":{"@id":"https:\/\/branham.pl\/sklep\/#website"},"datePublished":"2023-05-23T20:51:29+00:00","dateModified":"2023-05-28T20:24:15+00:00","breadcrumb":{"@id":"https:\/\/branham.pl\/sklep\/polityka-prywatnosci\/#breadcrumb"},"inLanguage":"pl-PL","potentialAction":[{"@type":"ReadAction","target":["https:\/\/branham.pl\/sklep\/polityka-prywatnosci\/"]}]},{"@type":"BreadcrumbList","@id":"https:\/\/branham.pl\/sklep\/polityka-prywatnosci\/#breadcrumb","itemListElement":[{"@type":"ListItem","position":1,"name":"Strona g\u0142\u00f3wna","item":"https:\/\/branham.pl\/sklep\/"},{"@type":"ListItem","position":2,"name":"Polityka prywatno\u015bci"}]},{"@type":"WebSite","@id":"https:\/\/branham.pl\/sklep\/#website","url":"https:\/\/branham.pl\/sklep\/","name":"BEZP\u0141ATNE MATERIA\u0141Y","description":"PLATFORMA DO SK\u0141ADANIA ZAM\u00d3WIE\u0143","publisher":{"@id":"https:\/\/branham.pl\/sklep\/#organization"},"potentialAction":[{"@type":"SearchAction","target":{"@type":"EntryPoint","urlTemplate":"https:\/\/branham.pl\/sklep\/?s={search_term_string}"},"query-input":{"@type":"PropertyValueSpecification","valueRequired":true,"valueName":"search_term_string"}}],"inLanguage":"pl-PL"},{"@type":"Organization","@id":"https:\/\/branham.pl\/sklep\/#organization","name":"Podkarpackie Stowarzyszenie Chrze\u015bcija\u0144skie \u201e\u015awiat\u0142o\u201d","url":"https:\/\/branham.pl\/sklep\/","logo":{"@type":"ImageObject","inLanguage":"pl-PL","@id":"https:\/\/branham.pl\/sklep\/#\/schema\/logo\/image\/","url":"https:\/\/branham.pl\/sklep\/wp-content\/uploads\/2023\/05\/logo1.png","contentUrl":"https:\/\/branham.pl\/sklep\/wp-content\/uploads\/2023\/05\/logo1.png","width":1654,"height":1654,"caption":"Podkarpackie Stowarzyszenie Chrze\u015bcija\u0144skie \u201e\u015awiat\u0142o\u201d"},"image":{"@id":"https:\/\/branham.pl\/sklep\/#\/schema\/logo\/image\/"},"sameAs":["https:\/\/www.facebook.com\/wolny.info","https:\/\/www.youtube.com\/@poselstwo"]}]}},"jetpack_sharing_enabled":true,"jetpack_likes_enabled":false,"_links":{"self":[{"href":"https:\/\/branham.pl\/sklep\/wp-json\/wp\/v2\/pages\/3","targetHints":{"allow":["GET"]}}],"collection":[{"href":"https:\/\/branham.pl\/sklep\/wp-json\/wp\/v2\/pages"}],"about":[{"href":"https:\/\/branham.pl\/sklep\/wp-json\/wp\/v2\/types\/page"}],"author":[{"embeddable":true,"href":"https:\/\/branham.pl\/sklep\/wp-json\/wp\/v2\/users\/1"}],"replies":[{"embeddable":true,"href":"https:\/\/branham.pl\/sklep\/wp-json\/wp\/v2\/comments?post=3"}],"version-history":[{"count":2,"href":"https:\/\/branham.pl\/sklep\/wp-json\/wp\/v2\/pages\/3\/revisions"}],"predecessor-version":[{"id":637,"href":"https:\/\/branham.pl\/sklep\/wp-json\/wp\/v2\/pages\/3\/revisions\/637"}],"wp:attachment":[{"href":"https:\/\/branham.pl\/sklep\/wp-json\/wp\/v2\/media?parent=3"}],"curies":[{"name":"wp","href":"https:\/\/api.w.org\/{rel}","templated":true}]}}