{"id":691,"date":"2023-06-25T00:12:40","date_gmt":"2023-06-24T22:12:40","guid":{"rendered":"https:\/\/branham.pl\/sklep\/?page_id=691"},"modified":"2023-06-25T00:14:45","modified_gmt":"2023-06-24T22:14:45","slug":"darowizna","status":"publish","type":"page","link":"https:\/\/branham.pl\/sklep\/darowizna\/","title":{"rendered":"Darowizna"},"content":{"rendered":"<p>Nie pobieramy op\u0142at za materia\u0142y umieszczone na naszej stronie internetowej. Je\u017celi masz pragnienie nas wspom\u00f3c, mo\u017cesz przekaza\u0107 darowizn\u0119 na poni\u017csze konto:<\/p>\n<p><strong>Podkarpackie Stowarzyszenie Chrze\u015bcija\u0144skie \u201e\u015awiat\u0142o\u201d<\/strong><br \/>\nWola Piotrowa 10<br \/>\n38-505 Bukowsko<\/p>\n<h2 style=\"text-align: center;\">JE\u017bELI CHCESZ ZROBI\u0106 PRZELEW W Z\u0141OT\u00d3WKACH [PLN]:<\/h2>\n<p>Numer konta dla przelew\u00f3w w z\u0142ot\u00f3wkach [PLN]:<br \/>\n<strong>65 1020 2980 0000 2102 0124 1603<\/strong><br \/>\nKoniecznie z dopiskiem DAROWIZNA!<br \/>\nStowarzyszenie nie pobiera \u017cadnych op\u0142at. Mo\u017cliwe s\u0105 tylko wp\u0142aty w formie darowizny!<br \/>\n<center><a href=\"https:\/\/donate.stripe.com\/14kdRd8IG2wobXq7st\" target=\"_blank\" rel=\"noopener\"><img loading=\"lazy\" decoding=\"async\" class=\"alignnone size-medium wp-image-2142\" src=\"https:\/\/wolapiotrowa.pl\/wp-content\/uploads\/2023\/04\/paymanet-300x145.png\" alt=\"\" width=\"300\" height=\"145\"><\/a><\/center><br \/>\n<center><\/p>\n<form action=\"https:\/\/www.paypal.com\/donate\" method=\"post\" target=\"_top\">\n<input type=\"hidden\" name=\"hosted_button_id\" value=\"JVZSWT9QJL8UW\"><br \/>\n<input type=\"image\" src=\"https:\/\/pics.paypal.com\/00\/s\/YjVjMGI3MGYtMDA2OS00OGI4LTg0ZjEtMDA0YzlmOWNiOGRh\/file.PNG\" name=\"submit\" title=\"PayPal - The safer, easier way to pay online!\" alt=\"Przeka\u017c darowizn\u0119 za pomoc\u0105 przycisku PayPal\" border=\"0\"><br \/>\n<img loading=\"lazy\" decoding=\"async\" alt=\"\" src=\"https:\/\/www.paypal.com\/pl_PL\/i\/scr\/pixel.gif\" width=\"1\" height=\"1\" border=\"0\"><br \/>\n<\/form>\n<p><\/center><\/p>\n<h2 style=\"text-align: center;\">JE\u017bELI CHCESZ ZROBI\u0106 PRZELEW W DOLARACH [USD]:<\/h2>\n<p>Numer konta dla przelew\u00f3w w dolarach [USD]:<br \/>\n<strong>PL 16 1020 2980 0000 2102 0136 1310<\/strong><br \/>\n<strong>BIC (Swift): BPKOPLPW<\/strong><br \/>\nAdres Banku: PKOBP Oddzia\u0142 1 w Sanoku<br \/>\nKo\u015bciuszki 25<br \/>\n38-500 Sanok<br \/>\nKoniecznie z dopiskiem DAROWIZNA!<br \/>\nStowarzyszenie nie pobiera \u017cadnych op\u0142at. Mo\u017cliwe s\u0105 tylko wp\u0142aty w formie darowizny!<\/p>\n<p><center><a href=\"https:\/\/donate.stripe.com\/aEUdRd8IGgne7HacMP\" target=\"_blank\" rel=\"noopener\"><img loading=\"lazy\" decoding=\"async\" class=\"alignnone size-medium wp-image-2142\" src=\"https:\/\/wolapiotrowa.pl\/wp-content\/uploads\/2023\/04\/paymanet-300x145.png\" alt=\"\" width=\"300\" height=\"145\"><\/a><\/center><br \/>\n<center><a href=\"https:\/\/paypal.me\/pschs\" target=\"_blank\" rel=\"noopener\"><img loading=\"lazy\" decoding=\"async\" class=\"alignnone size-medium wp-image-2142\" src=\"https:\/\/pics.paypal.com\/00\/s\/YjVjMGI3MGYtMDA2OS00OGI4LTg0ZjEtMDA0YzlmOWNiOGRh\/file.PNG\" alt=\"\" width=\"300\" height=\"145\"><\/a><\/center><\/p>\n<h2 style=\"text-align: center;\">JE\u017bELI CHCESZ ZROBI\u0106 PRZELEW W EURO [EUR]:<\/h2>\n<p><center><a href=\"https:\/\/donate.stripe.com\/6oE28v3om4EwbXq3ce\" target=\"_blank\" rel=\"noopener\"><img loading=\"lazy\" decoding=\"async\" class=\"alignnone size-medium wp-image-2142\" src=\"https:\/\/wolapiotrowa.pl\/wp-content\/uploads\/2023\/04\/paymanet-300x145.png\" alt=\"\" width=\"300\" height=\"145\"><\/a><\/center><br \/>\n<center><a href=\"https:\/\/paypal.me\/pschs\" target=\"_blank\" rel=\"noopener\"><img loading=\"lazy\" decoding=\"async\" class=\"alignnone size-medium wp-image-2142\" src=\"https:\/\/pics.paypal.com\/00\/s\/YjVjMGI3MGYtMDA2OS00OGI4LTg0ZjEtMDA0YzlmOWNiOGRh\/file.PNG\" alt=\"\" width=\"300\" height=\"145\"><\/a><\/center><\/p>\n<p>Je\u017celi chcesz dokona\u0107 przelewu w innej walucie, skontaktuj si\u0119 z nami:<br \/>\n<a href=\"tel:0048519193047\">(0048) 509 955 387<\/a> \u2013 kom\u00f3rkowy \/ WhatsApp<br \/>\nlub przez formularz: <a href=\"http:\/\/wolapiotrowa.pl\/kontakt\/\" target=\"_blank\" rel=\"noopener noreferrer\"><strong>napisz do nas wiadomo\u015b\u0107<\/strong><\/a><\/p>\n<p><strong>Je\u017celi chcesz przekaza\u0107 darowizn\u0119 na rzecz wierz\u0105cych z Ukrainy wpisz w tytule przelewu &#8222;DAROWIZNA dla wierz\u0105cych z Ukrainy&#8221;.<\/strong><br \/>\n\u015arodki s\u0105 przekazywane na bie\u017c\u0105co na rzecz wierz\u0105cych z Ukrainy \u2013 przebywaj\u0105cych w naszym kraju jak i na Ukrainie.<\/p>\n<p><img loading=\"lazy\" decoding=\"async\" class=\"aligncenter size-full wp-image-1357\" src=\"https:\/\/wolapiotrowa.pl\/wp-content\/uploads\/2022\/03\/Ukraina-pomoc-scaled.jpg\" alt=\"\" width=\"2560\" height=\"1442\"> <img loading=\"lazy\" decoding=\"async\" class=\"aligncenter size-full wp-image-1358\" src=\"https:\/\/wolapiotrowa.pl\/wp-content\/uploads\/2022\/03\/Ukraina-help-scaled.jpg\" alt=\"\" width=\"2560\" height=\"1442\"><\/p>\n<p>&nbsp;<\/p>\n<p>https:\/\/wolapiotrowa.pl\/ukraina-2022-2023-sprawozdanie\/<\/p>\n<p><img loading=\"lazy\" decoding=\"async\" class=\"shrinkToFit\" src=\"https:\/\/www.gov.pl\/photo\/format\/4ba446e3-c8cc-4287-95a7-b9fba0c9948c\/resolution\/1920x810\" alt=\"https:\/\/www.gov.pl\/photo\/format\/4ba446e3-c8cc-4287-95a7-b9fba0c9948c\/resolution\/1920x810\" width=\"1366\" height=\"576\"><\/p>\n<p>Mo\u017cesz przekaza\u0107 na stowarzyszenie<strong> 1% podatku<\/strong> dochodowego od os\u00f3b fizycznych.<br \/>\n<strong>KRS: 0000204382<\/strong><\/p>\n<p>Wype\u0142niaj\u0105c odpowiedni\u0105 rubryk\u0119 w zeznaniu podatkowym PIT nale\u017cy wpisa\u0107 numer KRS: 0000204382 oraz kwot\u0119 1% podatku.<\/p>\n","protected":false},"excerpt":{"rendered":"<p>Nie pobieramy op\u0142at za materia\u0142y umieszczone na naszej stronie internetowej. Je\u017celi masz pragnienie nas wspom\u00f3c, mo\u017cesz przekaza\u0107 darowizn\u0119 na poni\u017csze konto: Podkarpackie Stowarzyszenie Chrze\u015bcija\u0144skie \u201e\u015awiat\u0142o\u201d Wola Piotrowa 10 38-505 Bukowsko JE\u017bELI CHCESZ ZROBI\u0106 PRZELEW W Z\u0141OT\u00d3WKACH [PLN]: Numer konta dla przelew\u00f3w w z\u0142ot\u00f3wkach [PLN]: 65 1020 2980 0000 2102 0124 1603 Koniecznie z dopiskiem DAROWIZNA!<a class=\"more-link\" href=\"https:\/\/branham.pl\/sklep\/darowizna\/\">Czytaj wi\u0119cej &#10230;<\/a><\/p>\n","protected":false},"author":1,"featured_media":0,"parent":0,"menu_order":0,"comment_status":"closed","ping_status":"closed","template":"","meta":{"footnotes":""},"class_list":["post-691","page","type-page","status-publish","hentry"],"yoast_head":"<!-- This site is optimized with the Yoast SEO plugin v23.9 - https:\/\/yoast.com\/wordpress\/plugins\/seo\/ -->\n<title>Darowizna - BEZP\u0141ATNE MATERIA\u0141Y<\/title>\n<meta name=\"robots\" content=\"index, follow, max-snippet:-1, max-image-preview:large, max-video-preview:-1\" \/>\n<link rel=\"canonical\" href=\"https:\/\/branham.pl\/sklep\/darowizna\/\" \/>\n<meta property=\"og:locale\" content=\"pl_PL\" \/>\n<meta property=\"og:type\" content=\"article\" \/>\n<meta property=\"og:title\" content=\"Darowizna - BEZP\u0141ATNE MATERIA\u0141Y\" \/>\n<meta property=\"og:description\" content=\"Nie pobieramy op\u0142at za materia\u0142y umieszczone na naszej stronie internetowej. Je\u017celi masz pragnienie nas wspom\u00f3c, mo\u017cesz przekaza\u0107 darowizn\u0119 na poni\u017csze konto: Podkarpackie Stowarzyszenie Chrze\u015bcija\u0144skie \u201e\u015awiat\u0142o\u201d Wola Piotrowa 10 38-505 Bukowsko JE\u017bELI CHCESZ ZROBI\u0106 PRZELEW W Z\u0141OT\u00d3WKACH [PLN]: Numer konta dla przelew\u00f3w w z\u0142ot\u00f3wkach [PLN]: 65 1020 2980 0000 2102 0124 1603 Koniecznie z dopiskiem DAROWIZNA!Czytaj wi\u0119cej &#10230;\" \/>\n<meta property=\"og:url\" content=\"https:\/\/branham.pl\/sklep\/darowizna\/\" \/>\n<meta property=\"og:site_name\" content=\"BEZP\u0141ATNE MATERIA\u0141Y\" \/>\n<meta property=\"article:publisher\" content=\"https:\/\/www.facebook.com\/wolny.info\" \/>\n<meta property=\"article:modified_time\" content=\"2023-06-24T22:14:45+00:00\" \/>\n<meta property=\"og:image\" content=\"https:\/\/wolapiotrowa.pl\/wp-content\/uploads\/2023\/04\/paymanet-300x145.png\" \/>\n<meta name=\"twitter:card\" content=\"summary_large_image\" \/>\n<meta name=\"twitter:label1\" content=\"Szacowany czas czytania\" \/>\n\t<meta name=\"twitter:data1\" content=\"4 minuty\" \/>\n<script type=\"application\/ld+json\" class=\"yoast-schema-graph\">{\"@context\":\"https:\/\/schema.org\",\"@graph\":[{\"@type\":\"WebPage\",\"@id\":\"https:\/\/branham.pl\/sklep\/darowizna\/\",\"url\":\"https:\/\/branham.pl\/sklep\/darowizna\/\",\"name\":\"Darowizna - BEZP\u0141ATNE MATERIA\u0141Y\",\"isPartOf\":{\"@id\":\"https:\/\/branham.pl\/sklep\/#website\"},\"primaryImageOfPage\":{\"@id\":\"https:\/\/branham.pl\/sklep\/darowizna\/#primaryimage\"},\"image\":{\"@id\":\"https:\/\/branham.pl\/sklep\/darowizna\/#primaryimage\"},\"thumbnailUrl\":\"https:\/\/wolapiotrowa.pl\/wp-content\/uploads\/2023\/04\/paymanet-300x145.png\",\"datePublished\":\"2023-06-24T22:12:40+00:00\",\"dateModified\":\"2023-06-24T22:14:45+00:00\",\"breadcrumb\":{\"@id\":\"https:\/\/branham.pl\/sklep\/darowizna\/#breadcrumb\"},\"inLanguage\":\"pl-PL\",\"potentialAction\":[{\"@type\":\"ReadAction\",\"target\":[\"https:\/\/branham.pl\/sklep\/darowizna\/\"]}]},{\"@type\":\"ImageObject\",\"inLanguage\":\"pl-PL\",\"@id\":\"https:\/\/branham.pl\/sklep\/darowizna\/#primaryimage\",\"url\":\"https:\/\/wolapiotrowa.pl\/wp-content\/uploads\/2023\/04\/paymanet-300x145.png\",\"contentUrl\":\"https:\/\/wolapiotrowa.pl\/wp-content\/uploads\/2023\/04\/paymanet-300x145.png\"},{\"@type\":\"BreadcrumbList\",\"@id\":\"https:\/\/branham.pl\/sklep\/darowizna\/#breadcrumb\",\"itemListElement\":[{\"@type\":\"ListItem\",\"position\":1,\"name\":\"Strona g\u0142\u00f3wna\",\"item\":\"https:\/\/branham.pl\/sklep\/\"},{\"@type\":\"ListItem\",\"position\":2,\"name\":\"Darowizna\"}]},{\"@type\":\"WebSite\",\"@id\":\"https:\/\/branham.pl\/sklep\/#website\",\"url\":\"https:\/\/branham.pl\/sklep\/\",\"name\":\"BEZP\u0141ATNE MATERIA\u0141Y\",\"description\":\"PLATFORMA DO SK\u0141ADANIA ZAM\u00d3WIE\u0143\",\"publisher\":{\"@id\":\"https:\/\/branham.pl\/sklep\/#organization\"},\"potentialAction\":[{\"@type\":\"SearchAction\",\"target\":{\"@type\":\"EntryPoint\",\"urlTemplate\":\"https:\/\/branham.pl\/sklep\/?s={search_term_string}\"},\"query-input\":{\"@type\":\"PropertyValueSpecification\",\"valueRequired\":true,\"valueName\":\"search_term_string\"}}],\"inLanguage\":\"pl-PL\"},{\"@type\":\"Organization\",\"@id\":\"https:\/\/branham.pl\/sklep\/#organization\",\"name\":\"Podkarpackie Stowarzyszenie Chrze\u015bcija\u0144skie \u201e\u015awiat\u0142o\u201d\",\"url\":\"https:\/\/branham.pl\/sklep\/\",\"logo\":{\"@type\":\"ImageObject\",\"inLanguage\":\"pl-PL\",\"@id\":\"https:\/\/branham.pl\/sklep\/#\/schema\/logo\/image\/\",\"url\":\"https:\/\/branham.pl\/sklep\/wp-content\/uploads\/2023\/05\/logo1.png\",\"contentUrl\":\"https:\/\/branham.pl\/sklep\/wp-content\/uploads\/2023\/05\/logo1.png\",\"width\":1654,\"height\":1654,\"caption\":\"Podkarpackie Stowarzyszenie Chrze\u015bcija\u0144skie \u201e\u015awiat\u0142o\u201d\"},\"image\":{\"@id\":\"https:\/\/branham.pl\/sklep\/#\/schema\/logo\/image\/\"},\"sameAs\":[\"https:\/\/www.facebook.com\/wolny.info\",\"https:\/\/www.youtube.com\/@poselstwo\"]}]}<\/script>\n<!-- \/ Yoast SEO plugin. -->","yoast_head_json":{"title":"Darowizna - BEZP\u0141ATNE MATERIA\u0141Y","robots":{"index":"index","follow":"follow","max-snippet":"max-snippet:-1","max-image-preview":"max-image-preview:large","max-video-preview":"max-video-preview:-1"},"canonical":"https:\/\/branham.pl\/sklep\/darowizna\/","og_locale":"pl_PL","og_type":"article","og_title":"Darowizna - BEZP\u0141ATNE MATERIA\u0141Y","og_description":"Nie pobieramy op\u0142at za materia\u0142y umieszczone na naszej stronie internetowej. Je\u017celi masz pragnienie nas wspom\u00f3c, mo\u017cesz przekaza\u0107 darowizn\u0119 na poni\u017csze konto: Podkarpackie Stowarzyszenie Chrze\u015bcija\u0144skie \u201e\u015awiat\u0142o\u201d Wola Piotrowa 10 38-505 Bukowsko JE\u017bELI CHCESZ ZROBI\u0106 PRZELEW W Z\u0141OT\u00d3WKACH [PLN]: Numer konta dla przelew\u00f3w w z\u0142ot\u00f3wkach [PLN]: 65 1020 2980 0000 2102 0124 1603 Koniecznie z dopiskiem DAROWIZNA!Czytaj wi\u0119cej &#10230;","og_url":"https:\/\/branham.pl\/sklep\/darowizna\/","og_site_name":"BEZP\u0141ATNE MATERIA\u0141Y","article_publisher":"https:\/\/www.facebook.com\/wolny.info","article_modified_time":"2023-06-24T22:14:45+00:00","og_image":[{"url":"https:\/\/wolapiotrowa.pl\/wp-content\/uploads\/2023\/04\/paymanet-300x145.png"}],"twitter_card":"summary_large_image","twitter_misc":{"Szacowany czas czytania":"4 minuty"},"schema":{"@context":"https:\/\/schema.org","@graph":[{"@type":"WebPage","@id":"https:\/\/branham.pl\/sklep\/darowizna\/","url":"https:\/\/branham.pl\/sklep\/darowizna\/","name":"Darowizna - BEZP\u0141ATNE MATERIA\u0141Y","isPartOf":{"@id":"https:\/\/branham.pl\/sklep\/#website"},"primaryImageOfPage":{"@id":"https:\/\/branham.pl\/sklep\/darowizna\/#primaryimage"},"image":{"@id":"https:\/\/branham.pl\/sklep\/darowizna\/#primaryimage"},"thumbnailUrl":"https:\/\/wolapiotrowa.pl\/wp-content\/uploads\/2023\/04\/paymanet-300x145.png","datePublished":"2023-06-24T22:12:40+00:00","dateModified":"2023-06-24T22:14:45+00:00","breadcrumb":{"@id":"https:\/\/branham.pl\/sklep\/darowizna\/#breadcrumb"},"inLanguage":"pl-PL","potentialAction":[{"@type":"ReadAction","target":["https:\/\/branham.pl\/sklep\/darowizna\/"]}]},{"@type":"ImageObject","inLanguage":"pl-PL","@id":"https:\/\/branham.pl\/sklep\/darowizna\/#primaryimage","url":"https:\/\/wolapiotrowa.pl\/wp-content\/uploads\/2023\/04\/paymanet-300x145.png","contentUrl":"https:\/\/wolapiotrowa.pl\/wp-content\/uploads\/2023\/04\/paymanet-300x145.png"},{"@type":"BreadcrumbList","@id":"https:\/\/branham.pl\/sklep\/darowizna\/#breadcrumb","itemListElement":[{"@type":"ListItem","position":1,"name":"Strona g\u0142\u00f3wna","item":"https:\/\/branham.pl\/sklep\/"},{"@type":"ListItem","position":2,"name":"Darowizna"}]},{"@type":"WebSite","@id":"https:\/\/branham.pl\/sklep\/#website","url":"https:\/\/branham.pl\/sklep\/","name":"BEZP\u0141ATNE MATERIA\u0141Y","description":"PLATFORMA DO SK\u0141ADANIA ZAM\u00d3WIE\u0143","publisher":{"@id":"https:\/\/branham.pl\/sklep\/#organization"},"potentialAction":[{"@type":"SearchAction","target":{"@type":"EntryPoint","urlTemplate":"https:\/\/branham.pl\/sklep\/?s={search_term_string}"},"query-input":{"@type":"PropertyValueSpecification","valueRequired":true,"valueName":"search_term_string"}}],"inLanguage":"pl-PL"},{"@type":"Organization","@id":"https:\/\/branham.pl\/sklep\/#organization","name":"Podkarpackie Stowarzyszenie Chrze\u015bcija\u0144skie \u201e\u015awiat\u0142o\u201d","url":"https:\/\/branham.pl\/sklep\/","logo":{"@type":"ImageObject","inLanguage":"pl-PL","@id":"https:\/\/branham.pl\/sklep\/#\/schema\/logo\/image\/","url":"https:\/\/branham.pl\/sklep\/wp-content\/uploads\/2023\/05\/logo1.png","contentUrl":"https:\/\/branham.pl\/sklep\/wp-content\/uploads\/2023\/05\/logo1.png","width":1654,"height":1654,"caption":"Podkarpackie Stowarzyszenie Chrze\u015bcija\u0144skie \u201e\u015awiat\u0142o\u201d"},"image":{"@id":"https:\/\/branham.pl\/sklep\/#\/schema\/logo\/image\/"},"sameAs":["https:\/\/www.facebook.com\/wolny.info","https:\/\/www.youtube.com\/@poselstwo"]}]}},"jetpack_sharing_enabled":true,"jetpack_likes_enabled":false,"_links":{"self":[{"href":"https:\/\/branham.pl\/sklep\/wp-json\/wp\/v2\/pages\/691","targetHints":{"allow":["GET"]}}],"collection":[{"href":"https:\/\/branham.pl\/sklep\/wp-json\/wp\/v2\/pages"}],"about":[{"href":"https:\/\/branham.pl\/sklep\/wp-json\/wp\/v2\/types\/page"}],"author":[{"embeddable":true,"href":"https:\/\/branham.pl\/sklep\/wp-json\/wp\/v2\/users\/1"}],"replies":[{"embeddable":true,"href":"https:\/\/branham.pl\/sklep\/wp-json\/wp\/v2\/comments?post=691"}],"version-history":[{"count":1,"href":"https:\/\/branham.pl\/sklep\/wp-json\/wp\/v2\/pages\/691\/revisions"}],"predecessor-version":[{"id":692,"href":"https:\/\/branham.pl\/sklep\/wp-json\/wp\/v2\/pages\/691\/revisions\/692"}],"wp:attachment":[{"href":"https:\/\/branham.pl\/sklep\/wp-json\/wp\/v2\/media?parent=691"}],"curies":[{"name":"wp","href":"https:\/\/api.w.org\/{rel}","templated":true}]}}