{"id":216,"date":"2023-05-27T08:48:27","date_gmt":"2023-05-27T06:48:27","guid":{"rendered":"https:\/\/branham.pl\/sklep\/?post_type=product&#038;p=216"},"modified":"2023-06-24T23:09:58","modified_gmt":"2023-06-24T21:09:58","slug":"bozy-glos-w-tych-ostatecznych-czasach-bozy-glos-w-tych-ostatecznych-dniach","status":"publish","type":"product","link":"https:\/\/branham.pl\/sklep\/produkt\/bozy-glos-w-tych-ostatecznych-czasach-bozy-glos-w-tych-ostatecznych-dniach\/","title":{"rendered":"Bo\u017cy G\u0142os w tych ostatecznych czasach \/Bo\u017cy G\u0142os w tych ostatecznych dniach 63-0120R"},"content":{"rendered":"","protected":false},"excerpt":{"rendered":"","protected":false},"featured_media":0,"template":"","meta":{"jetpack_publicize_message":"","jetpack_publicize_feature_enabled":true,"jetpack_social_post_already_shared":false,"jetpack_social_options":{"image_generator_settings":{"template":"highway","enabled":false},"version":2}},"product_cat":[20],"product_tag":[26],"class_list":{"0":"post-216","1":"product","2":"type-product","3":"status-publish","5":"product_cat-broszura","6":"product_tag-26","8":"first","9":"instock","10":"shipping-taxable","11":"purchasable","12":"product-type-simple"},"jetpack_publicize_connections":[],"yoast_head":"<!-- This site is optimized with the Yoast SEO plugin v23.9 - https:\/\/yoast.com\/wordpress\/plugins\/seo\/ -->\n<title>Bo\u017cy G\u0142os w tych ostatecznych czasach \/Bo\u017cy G\u0142os w tych ostatecznych dniach 63-0120R - BEZP\u0141ATNE MATERIA\u0141Y<\/title>\n<meta name=\"robots\" content=\"index, follow, max-snippet:-1, max-image-preview:large, max-video-preview:-1\" \/>\n<link rel=\"canonical\" href=\"https:\/\/branham.pl\/sklep\/produkt\/bozy-glos-w-tych-ostatecznych-czasach-bozy-glos-w-tych-ostatecznych-dniach\/\" \/>\n<meta property=\"og:locale\" content=\"pl_PL\" \/>\n<meta property=\"og:type\" content=\"article\" \/>\n<meta property=\"og:title\" content=\"Bo\u017cy G\u0142os w tych ostatecznych czasach \/Bo\u017cy G\u0142os w tych ostatecznych dniach 63-0120R - BEZP\u0141ATNE MATERIA\u0141Y\" \/>\n<meta property=\"og:url\" content=\"https:\/\/branham.pl\/sklep\/produkt\/bozy-glos-w-tych-ostatecznych-czasach-bozy-glos-w-tych-ostatecznych-dniach\/\" \/>\n<meta property=\"og:site_name\" content=\"BEZP\u0141ATNE MATERIA\u0141Y\" \/>\n<meta property=\"article:publisher\" content=\"https:\/\/www.facebook.com\/wolny.info\" \/>\n<meta property=\"article:modified_time\" content=\"2023-06-24T21:09:58+00:00\" \/>\n<meta name=\"twitter:card\" content=\"summary_large_image\" \/>\n<script type=\"application\/ld+json\" class=\"yoast-schema-graph\">{\"@context\":\"https:\/\/schema.org\",\"@graph\":[{\"@type\":\"WebPage\",\"@id\":\"https:\/\/branham.pl\/sklep\/produkt\/bozy-glos-w-tych-ostatecznych-czasach-bozy-glos-w-tych-ostatecznych-dniach\/\",\"url\":\"https:\/\/branham.pl\/sklep\/produkt\/bozy-glos-w-tych-ostatecznych-czasach-bozy-glos-w-tych-ostatecznych-dniach\/\",\"name\":\"Bo\u017cy G\u0142os w tych ostatecznych czasach \/Bo\u017cy G\u0142os w tych ostatecznych dniach 63-0120R - BEZP\u0141ATNE MATERIA\u0141Y\",\"isPartOf\":{\"@id\":\"https:\/\/branham.pl\/sklep\/#website\"},\"datePublished\":\"2023-05-27T06:48:27+00:00\",\"dateModified\":\"2023-06-24T21:09:58+00:00\",\"breadcrumb\":{\"@id\":\"https:\/\/branham.pl\/sklep\/produkt\/bozy-glos-w-tych-ostatecznych-czasach-bozy-glos-w-tych-ostatecznych-dniach\/#breadcrumb\"},\"inLanguage\":\"pl-PL\",\"potentialAction\":[{\"@type\":\"ReadAction\",\"target\":[\"https:\/\/branham.pl\/sklep\/produkt\/bozy-glos-w-tych-ostatecznych-czasach-bozy-glos-w-tych-ostatecznych-dniach\/\"]}]},{\"@type\":\"BreadcrumbList\",\"@id\":\"https:\/\/branham.pl\/sklep\/produkt\/bozy-glos-w-tych-ostatecznych-czasach-bozy-glos-w-tych-ostatecznych-dniach\/#breadcrumb\",\"itemListElement\":[{\"@type\":\"ListItem\",\"position\":1,\"name\":\"Strona g\u0142\u00f3wna\",\"item\":\"https:\/\/branham.pl\/sklep\/\"},{\"@type\":\"ListItem\",\"position\":2,\"name\":\"Sklep\",\"item\":\"https:\/\/branham.pl\/sklep\/\"},{\"@type\":\"ListItem\",\"position\":3,\"name\":\"Bo\u017cy G\u0142os w tych ostatecznych czasach \/Bo\u017cy G\u0142os w tych ostatecznych dniach 63-0120R\"}]},{\"@type\":\"WebSite\",\"@id\":\"https:\/\/branham.pl\/sklep\/#website\",\"url\":\"https:\/\/branham.pl\/sklep\/\",\"name\":\"BEZP\u0141ATNE MATERIA\u0141Y\",\"description\":\"PLATFORMA DO SK\u0141ADANIA ZAM\u00d3WIE\u0143\",\"publisher\":{\"@id\":\"https:\/\/branham.pl\/sklep\/#organization\"},\"potentialAction\":[{\"@type\":\"SearchAction\",\"target\":{\"@type\":\"EntryPoint\",\"urlTemplate\":\"https:\/\/branham.pl\/sklep\/?s={search_term_string}\"},\"query-input\":{\"@type\":\"PropertyValueSpecification\",\"valueRequired\":true,\"valueName\":\"search_term_string\"}}],\"inLanguage\":\"pl-PL\"},{\"@type\":\"Organization\",\"@id\":\"https:\/\/branham.pl\/sklep\/#organization\",\"name\":\"Podkarpackie Stowarzyszenie Chrze\u015bcija\u0144skie \u201e\u015awiat\u0142o\u201d\",\"url\":\"https:\/\/branham.pl\/sklep\/\",\"logo\":{\"@type\":\"ImageObject\",\"inLanguage\":\"pl-PL\",\"@id\":\"https:\/\/branham.pl\/sklep\/#\/schema\/logo\/image\/\",\"url\":\"https:\/\/branham.pl\/sklep\/wp-content\/uploads\/2023\/05\/logo1.png\",\"contentUrl\":\"https:\/\/branham.pl\/sklep\/wp-content\/uploads\/2023\/05\/logo1.png\",\"width\":1654,\"height\":1654,\"caption\":\"Podkarpackie Stowarzyszenie Chrze\u015bcija\u0144skie \u201e\u015awiat\u0142o\u201d\"},\"image\":{\"@id\":\"https:\/\/branham.pl\/sklep\/#\/schema\/logo\/image\/\"},\"sameAs\":[\"https:\/\/www.facebook.com\/wolny.info\",\"https:\/\/www.youtube.com\/@poselstwo\"]}]}<\/script>\n<!-- \/ Yoast SEO plugin. -->","yoast_head_json":{"title":"Bo\u017cy G\u0142os w tych ostatecznych czasach \/Bo\u017cy G\u0142os w tych ostatecznych dniach 63-0120R - BEZP\u0141ATNE MATERIA\u0141Y","robots":{"index":"index","follow":"follow","max-snippet":"max-snippet:-1","max-image-preview":"max-image-preview:large","max-video-preview":"max-video-preview:-1"},"canonical":"https:\/\/branham.pl\/sklep\/produkt\/bozy-glos-w-tych-ostatecznych-czasach-bozy-glos-w-tych-ostatecznych-dniach\/","og_locale":"pl_PL","og_type":"article","og_title":"Bo\u017cy G\u0142os w tych ostatecznych czasach \/Bo\u017cy G\u0142os w tych ostatecznych dniach 63-0120R - BEZP\u0141ATNE MATERIA\u0141Y","og_url":"https:\/\/branham.pl\/sklep\/produkt\/bozy-glos-w-tych-ostatecznych-czasach-bozy-glos-w-tych-ostatecznych-dniach\/","og_site_name":"BEZP\u0141ATNE MATERIA\u0141Y","article_publisher":"https:\/\/www.facebook.com\/wolny.info","article_modified_time":"2023-06-24T21:09:58+00:00","twitter_card":"summary_large_image","schema":{"@context":"https:\/\/schema.org","@graph":[{"@type":"WebPage","@id":"https:\/\/branham.pl\/sklep\/produkt\/bozy-glos-w-tych-ostatecznych-czasach-bozy-glos-w-tych-ostatecznych-dniach\/","url":"https:\/\/branham.pl\/sklep\/produkt\/bozy-glos-w-tych-ostatecznych-czasach-bozy-glos-w-tych-ostatecznych-dniach\/","name":"Bo\u017cy G\u0142os w tych ostatecznych czasach \/Bo\u017cy G\u0142os w tych ostatecznych dniach 63-0120R - BEZP\u0141ATNE MATERIA\u0141Y","isPartOf":{"@id":"https:\/\/branham.pl\/sklep\/#website"},"datePublished":"2023-05-27T06:48:27+00:00","dateModified":"2023-06-24T21:09:58+00:00","breadcrumb":{"@id":"https:\/\/branham.pl\/sklep\/produkt\/bozy-glos-w-tych-ostatecznych-czasach-bozy-glos-w-tych-ostatecznych-dniach\/#breadcrumb"},"inLanguage":"pl-PL","potentialAction":[{"@type":"ReadAction","target":["https:\/\/branham.pl\/sklep\/produkt\/bozy-glos-w-tych-ostatecznych-czasach-bozy-glos-w-tych-ostatecznych-dniach\/"]}]},{"@type":"BreadcrumbList","@id":"https:\/\/branham.pl\/sklep\/produkt\/bozy-glos-w-tych-ostatecznych-czasach-bozy-glos-w-tych-ostatecznych-dniach\/#breadcrumb","itemListElement":[{"@type":"ListItem","position":1,"name":"Strona g\u0142\u00f3wna","item":"https:\/\/branham.pl\/sklep\/"},{"@type":"ListItem","position":2,"name":"Sklep","item":"https:\/\/branham.pl\/sklep\/"},{"@type":"ListItem","position":3,"name":"Bo\u017cy G\u0142os w tych ostatecznych czasach \/Bo\u017cy G\u0142os w tych ostatecznych dniach 63-0120R"}]},{"@type":"WebSite","@id":"https:\/\/branham.pl\/sklep\/#website","url":"https:\/\/branham.pl\/sklep\/","name":"BEZP\u0141ATNE MATERIA\u0141Y","description":"PLATFORMA DO SK\u0141ADANIA ZAM\u00d3WIE\u0143","publisher":{"@id":"https:\/\/branham.pl\/sklep\/#organization"},"potentialAction":[{"@type":"SearchAction","target":{"@type":"EntryPoint","urlTemplate":"https:\/\/branham.pl\/sklep\/?s={search_term_string}"},"query-input":{"@type":"PropertyValueSpecification","valueRequired":true,"valueName":"search_term_string"}}],"inLanguage":"pl-PL"},{"@type":"Organization","@id":"https:\/\/branham.pl\/sklep\/#organization","name":"Podkarpackie Stowarzyszenie Chrze\u015bcija\u0144skie \u201e\u015awiat\u0142o\u201d","url":"https:\/\/branham.pl\/sklep\/","logo":{"@type":"ImageObject","inLanguage":"pl-PL","@id":"https:\/\/branham.pl\/sklep\/#\/schema\/logo\/image\/","url":"https:\/\/branham.pl\/sklep\/wp-content\/uploads\/2023\/05\/logo1.png","contentUrl":"https:\/\/branham.pl\/sklep\/wp-content\/uploads\/2023\/05\/logo1.png","width":1654,"height":1654,"caption":"Podkarpackie Stowarzyszenie Chrze\u015bcija\u0144skie \u201e\u015awiat\u0142o\u201d"},"image":{"@id":"https:\/\/branham.pl\/sklep\/#\/schema\/logo\/image\/"},"sameAs":["https:\/\/www.facebook.com\/wolny.info","https:\/\/www.youtube.com\/@poselstwo"]}]}},"jetpack_sharing_enabled":true,"jetpack_likes_enabled":false,"_links":{"self":[{"href":"https:\/\/branham.pl\/sklep\/wp-json\/wp\/v2\/product\/216","targetHints":{"allow":["GET"]}}],"collection":[{"href":"https:\/\/branham.pl\/sklep\/wp-json\/wp\/v2\/product"}],"about":[{"href":"https:\/\/branham.pl\/sklep\/wp-json\/wp\/v2\/types\/product"}],"wp:attachment":[{"href":"https:\/\/branham.pl\/sklep\/wp-json\/wp\/v2\/media?parent=216"}],"wp:term":[{"taxonomy":"product_cat","embeddable":true,"href":"https:\/\/branham.pl\/sklep\/wp-json\/wp\/v2\/product_cat?post=216"},{"taxonomy":"product_tag","embeddable":true,"href":"https:\/\/branham.pl\/sklep\/wp-json\/wp\/v2\/product_tag?post=216"}],"curies":[{"name":"wp","href":"https:\/\/api.w.org\/{rel}","templated":true}]}}